{"id":52,"date":"2025-04-17T19:21:34","date_gmt":"2025-04-17T19:21:34","guid":{"rendered":"https:\/\/Mehmet.Erkin.pages.hak-schwaz.at\/?page_id=52"},"modified":"2025-04-17T23:27:12","modified_gmt":"2025-04-17T23:27:12","slug":"3-klasse","status":"publish","type":"page","link":"https:\/\/Mehmet.Erkin.pages.hak-schwaz.at\/?page_id=52","title":{"rendered":"3. Klasse"},"content":{"rendered":"\n<p class=\"has-medium-font-size\">Im ersten Jahr WOP haben wir gelernt, wie unser Denken durch unbewusste Fehler beeinflusst wird. Dabei ging es um kognitive Verzerrungen, psychologische Denkmodelle und Entscheidungsprozesse in Konfliktsituationen \u2013 sowohl als Einzelpersonen als auch in Gruppen.<\/p>\n\n\n\n<p class=\"has-medium-font-size\">Der Survivorship Bias, bekannt als \u00dcberlebensirrtum, beschreibt einen Denkfehler, bei dem wir lediglich die erfolgreichen F\u00e4lle in den Blick nehmen und die gescheiterten Beispiele ignorieren. Dies f\u00fchrt h\u00e4ufig zu einer verzerrten Auffassung von Erfolg, da wir nur die \u201eGewinner\u201c \u2013 wie erfolgreiche Start-ups \u2013 wahrnehmen und die zahlreichen gescheiterten vergessen. Ein typisches Beispiel daf\u00fcr ist die Kriegsluftfahrtanalyse, bei der lediglich die zur\u00fcckgekehrten Flugzeuge ber\u00fccksichtigt wurden, w\u00e4hrend die abgeschossenen nicht beachtet wurden. Der Survivorship Bias verdeutlicht die Bedeutung, das Unsichtbare zu ber\u00fccksichtigen und nicht ausschlie\u00dflich auf Erfolgsgeschichten zu setzen, insbesondere bei wirtschaftlichen Entscheidungen.<\/p>\n\n\n\n<figure class=\"wp-block-image size-full is-resized\"><img loading=\"lazy\" decoding=\"async\" width=\"260\" height=\"194\" src=\"https:\/\/Mehmet.Erkin.pages.hak-schwaz.at\/wp-content\/uploads\/2025\/04\/Download-1.png\" alt=\"\" class=\"wp-image-301\" style=\"width:375px;height:auto\"\/><\/figure>\n\n\n\n<p><\/p>\n\n\n\n<p>Das Gefangenendilemma ist ein bekanntes Modell aus der Spieltheorie, das zeigt, wie schwierig es sein kann, Vertrauen und Zusammenarbeit aufzubauen. Zwei Personen m\u00fcssen unabh\u00e4ngig voneinander eine Entscheidung treffen und w\u00e4hlen oft den eigenen Vorteil, obwohl sie gemeinsam ein besseres Ergebnis erzielen k\u00f6nnten. Dieses Modell macht deutlich, warum es in der Wirtschaft oder im Team manchmal zu unlogischem oder unfairen Verhalten kommt, selbst wenn Kooperation f\u00fcr alle Beteiligten vorteilhafter w\u00e4re.<\/p>\n\n\n\n<figure class=\"wp-block-image size-full is-resized\"><img loading=\"lazy\" decoding=\"async\" width=\"300\" height=\"168\" src=\"https:\/\/Mehmet.Erkin.pages.hak-schwaz.at\/wp-content\/uploads\/2025\/04\/Download-1.jpg\" alt=\"\" class=\"wp-image-302\" style=\"width:484px;height:auto\"\/><\/figure>\n","protected":false},"excerpt":{"rendered":"<p>Im ersten Jahr WOP haben wir gelernt, wie unser Denken durch unbewusste Fehler beeinflusst wird. Dabei ging es um kognitive Verzerrungen, psychologische Denkmodelle und Entscheidungsprozesse in Konfliktsituationen \u2013 sowohl als Einzelpersonen als auch in Gruppen. Der Survivorship Bias, bekannt als \u00dcberlebensirrtum, beschreibt einen Denkfehler, bei dem wir lediglich die erfolgreichen F\u00e4lle in den Blick nehmen [&hellip;]<\/p>\n","protected":false},"author":1,"featured_media":0,"parent":49,"menu_order":0,"comment_status":"closed","ping_status":"closed","template":"","meta":{"footnotes":""},"class_list":["post-52","page","type-page","status-publish","hentry"],"_links":{"self":[{"href":"https:\/\/Mehmet.Erkin.pages.hak-schwaz.at\/index.php?rest_route=\/wp\/v2\/pages\/52","targetHints":{"allow":["GET"]}}],"collection":[{"href":"https:\/\/Mehmet.Erkin.pages.hak-schwaz.at\/index.php?rest_route=\/wp\/v2\/pages"}],"about":[{"href":"https:\/\/Mehmet.Erkin.pages.hak-schwaz.at\/index.php?rest_route=\/wp\/v2\/types\/page"}],"author":[{"embeddable":true,"href":"https:\/\/Mehmet.Erkin.pages.hak-schwaz.at\/index.php?rest_route=\/wp\/v2\/users\/1"}],"replies":[{"embeddable":true,"href":"https:\/\/Mehmet.Erkin.pages.hak-schwaz.at\/index.php?rest_route=%2Fwp%2Fv2%2Fcomments&post=52"}],"version-history":[{"count":0,"href":"https:\/\/Mehmet.Erkin.pages.hak-schwaz.at\/index.php?rest_route=\/wp\/v2\/pages\/52\/revisions"}],"up":[{"embeddable":true,"href":"https:\/\/Mehmet.Erkin.pages.hak-schwaz.at\/index.php?rest_route=\/wp\/v2\/pages\/49"}],"wp:attachment":[{"href":"https:\/\/Mehmet.Erkin.pages.hak-schwaz.at\/index.php?rest_route=%2Fwp%2Fv2%2Fmedia&parent=52"}],"curies":[{"name":"wp","href":"https:\/\/api.w.org\/{rel}","templated":true}]}}