{"id":49,"date":"2025-04-17T19:19:19","date_gmt":"2025-04-17T19:19:19","guid":{"rendered":"https:\/\/Mehmet.Erkin.pages.hak-schwaz.at\/?page_id=49"},"modified":"2025-04-17T22:48:03","modified_gmt":"2025-04-17T22:48:03","slug":"wop","status":"publish","type":"page","link":"https:\/\/Mehmet.Erkin.pages.hak-schwaz.at\/?page_id=49","title":{"rendered":"WOP"},"content":{"rendered":"\n<p class=\"has-medium-font-size\"><strong>Wirtschafts- und Organisationsstrategie<\/strong><\/p>\n\n\n\n<p>Zu Beginn wurden in diesem Fach psychische Erkrankungen, deren Auswirkungen und vorbeugende Ma\u00dfnahmen thematisiert. W\u00e4hrend der Zeit vom dritten bis zum f\u00fcnften Jahrgang f\u00fchrten wir eine Analyse des Verhaltens von Marktakteuren, der Kaufentscheidungen von Endkunden sowie der allgemeinen Unternehmenspsychologie durch. Dieses Fach untersuchte verschiedene psychologische Entscheidungen und trug zu unserem Verst\u00e4ndnis davon bei, wie und warum manche Menschen handeln.<\/p>\n","protected":false},"excerpt":{"rendered":"<p>Wirtschafts- und Organisationsstrategie Zu Beginn wurden in diesem Fach psychische Erkrankungen, deren Auswirkungen und vorbeugende Ma\u00dfnahmen thematisiert. W\u00e4hrend der Zeit vom dritten bis zum f\u00fcnften Jahrgang f\u00fchrten wir eine Analyse des Verhaltens von Marktakteuren, der Kaufentscheidungen von Endkunden sowie der allgemeinen Unternehmenspsychologie durch. Dieses Fach untersuchte verschiedene psychologische Entscheidungen und trug zu unserem Verst\u00e4ndnis davon [&hellip;]<\/p>\n","protected":false},"author":1,"featured_media":0,"parent":0,"menu_order":0,"comment_status":"closed","ping_status":"closed","template":"","meta":{"footnotes":""},"class_list":["post-49","page","type-page","status-publish","hentry"],"_links":{"self":[{"href":"https:\/\/Mehmet.Erkin.pages.hak-schwaz.at\/index.php?rest_route=\/wp\/v2\/pages\/49","targetHints":{"allow":["GET"]}}],"collection":[{"href":"https:\/\/Mehmet.Erkin.pages.hak-schwaz.at\/index.php?rest_route=\/wp\/v2\/pages"}],"about":[{"href":"https:\/\/Mehmet.Erkin.pages.hak-schwaz.at\/index.php?rest_route=\/wp\/v2\/types\/page"}],"author":[{"embeddable":true,"href":"https:\/\/Mehmet.Erkin.pages.hak-schwaz.at\/index.php?rest_route=\/wp\/v2\/users\/1"}],"replies":[{"embeddable":true,"href":"https:\/\/Mehmet.Erkin.pages.hak-schwaz.at\/index.php?rest_route=%2Fwp%2Fv2%2Fcomments&post=49"}],"version-history":[{"count":0,"href":"https:\/\/Mehmet.Erkin.pages.hak-schwaz.at\/index.php?rest_route=\/wp\/v2\/pages\/49\/revisions"}],"wp:attachment":[{"href":"https:\/\/Mehmet.Erkin.pages.hak-schwaz.at\/index.php?rest_route=%2Fwp%2Fv2%2Fmedia&parent=49"}],"curies":[{"name":"wp","href":"https:\/\/api.w.org\/{rel}","templated":true}]}}