{"id":41,"date":"2025-03-12T12:22:44","date_gmt":"2025-03-12T12:22:44","guid":{"rendered":"https:\/\/Mehmet.Erkin.pages.hak-schwaz.at\/?page_id=41"},"modified":"2025-04-17T23:18:14","modified_gmt":"2025-04-17T23:18:14","slug":"2-klasse","status":"publish","type":"page","link":"https:\/\/Mehmet.Erkin.pages.hak-schwaz.at\/?page_id=41","title":{"rendered":"2. Klasse"},"content":{"rendered":"\n<ol class=\"wp-block-list\">\n<li class=\"has-x-large-font-size\">Semester<\/li>\n<\/ol>\n\n\n\n<p>Bei dieser Aufgabe sollten wir unterschiedliche Kamerabewegungen in einem kurzen Video zeigen. Daf\u00fcr haben wir in der Gruppe verschiedene Aufnahmen gemacht und diese anschlie\u00dfend zu einem gemeinsamen Video zusammengeschnitten.<\/p>\n\n\n\n<figure class=\"wp-block-video\"><video controls src=\"https:\/\/Mehmet.Erkin.pages.hak-schwaz.at\/wp-content\/uploads\/2025\/04\/Kamerabewegung_Erkin-3-1-2.mp4\"><\/video><\/figure>\n\n\n\n<p class=\"has-x-large-font-size\">2. Semester<\/p>\n\n\n\n<p>In unserer Gruppe haben wir gemeinsam verschiedene Ger\u00e4usche aufgenommen und gefilmt. Anschlie\u00dfend haben wir all diese Ger\u00e4usche zusammengestellt und daraus ein kreatives Musikvideo erstellt.<\/p>\n\n\n\n<figure class=\"wp-block-video\"><video controls src=\"https:\/\/Mehmet.Erkin.pages.hak-schwaz.at\/wp-content\/uploads\/2025\/04\/Musikclip_Erkin-1-1-1.mp4\"><\/video><\/figure>\n","protected":false},"excerpt":{"rendered":"<p>Bei dieser Aufgabe sollten wir unterschiedliche Kamerabewegungen in einem kurzen Video zeigen. Daf\u00fcr haben wir in der Gruppe verschiedene Aufnahmen gemacht und diese anschlie\u00dfend zu einem gemeinsamen Video zusammengeschnitten. 2. Semester In unserer Gruppe haben wir gemeinsam verschiedene Ger\u00e4usche aufgenommen und gefilmt. Anschlie\u00dfend haben wir all diese Ger\u00e4usche zusammengestellt und daraus ein kreatives Musikvideo erstellt.<\/p>\n","protected":false},"author":1,"featured_media":0,"parent":36,"menu_order":0,"comment_status":"closed","ping_status":"closed","template":"","meta":{"footnotes":""},"class_list":["post-41","page","type-page","status-publish","hentry"],"_links":{"self":[{"href":"https:\/\/Mehmet.Erkin.pages.hak-schwaz.at\/index.php?rest_route=\/wp\/v2\/pages\/41","targetHints":{"allow":["GET"]}}],"collection":[{"href":"https:\/\/Mehmet.Erkin.pages.hak-schwaz.at\/index.php?rest_route=\/wp\/v2\/pages"}],"about":[{"href":"https:\/\/Mehmet.Erkin.pages.hak-schwaz.at\/index.php?rest_route=\/wp\/v2\/types\/page"}],"author":[{"embeddable":true,"href":"https:\/\/Mehmet.Erkin.pages.hak-schwaz.at\/index.php?rest_route=\/wp\/v2\/users\/1"}],"replies":[{"embeddable":true,"href":"https:\/\/Mehmet.Erkin.pages.hak-schwaz.at\/index.php?rest_route=%2Fwp%2Fv2%2Fcomments&post=41"}],"version-history":[{"count":0,"href":"https:\/\/Mehmet.Erkin.pages.hak-schwaz.at\/index.php?rest_route=\/wp\/v2\/pages\/41\/revisions"}],"up":[{"embeddable":true,"href":"https:\/\/Mehmet.Erkin.pages.hak-schwaz.at\/index.php?rest_route=\/wp\/v2\/pages\/36"}],"wp:attachment":[{"href":"https:\/\/Mehmet.Erkin.pages.hak-schwaz.at\/index.php?rest_route=%2Fwp%2Fv2%2Fmedia&parent=41"}],"curies":[{"name":"wp","href":"https:\/\/api.w.org\/{rel}","templated":true}]}}