{"id":39,"date":"2025-03-12T12:22:25","date_gmt":"2025-03-12T12:22:25","guid":{"rendered":"https:\/\/Mehmet.Erkin.pages.hak-schwaz.at\/?page_id=39"},"modified":"2025-04-18T22:36:19","modified_gmt":"2025-04-18T22:36:19","slug":"1-klasse","status":"publish","type":"page","link":"https:\/\/Mehmet.Erkin.pages.hak-schwaz.at\/?page_id=39","title":{"rendered":"1. Klasse"},"content":{"rendered":"\n<ol class=\"wp-block-list\">\n<li class=\"has-x-large-font-size\">Semester<\/li>\n<\/ol>\n\n\n\n<p>Bei diesem Bild habe ich den Hintergrund des Wolfs dunkel gemacht, damit der Wolf st\u00e4rker hervorsticht. Daf\u00fcr habe ich den Colorkey-Effekt verwendet.<\/p>\n\n\n\n<div class=\"wp-block-columns is-layout-flex wp-container-core-columns-is-layout-1 wp-block-columns-is-layout-flex\">\n<div class=\"wp-block-column is-layout-flow wp-block-column-is-layout-flow\" style=\"flex-basis:100%\">\n<figure class=\"wp-block-gallery has-nested-images columns-default is-cropped wp-block-gallery-1 is-layout-flex wp-block-gallery-is-layout-flex\">\n<figure class=\"wp-block-image size-large\"><img loading=\"lazy\" decoding=\"async\" width=\"1024\" height=\"680\" src=\"https:\/\/Mehmet.Erkin.pages.hak-schwaz.at\/wp-content\/uploads\/2025\/04\/Wolf-7-1024x680.jpg\" alt=\"\" class=\"wp-image-156\" srcset=\"https:\/\/Mehmet.Erkin.pages.hak-schwaz.at\/wp-content\/uploads\/2025\/04\/Wolf-7-1024x680.jpg 1024w, https:\/\/Mehmet.Erkin.pages.hak-schwaz.at\/wp-content\/uploads\/2025\/04\/Wolf-7-300x199.jpg 300w, https:\/\/Mehmet.Erkin.pages.hak-schwaz.at\/wp-content\/uploads\/2025\/04\/Wolf-7-768x510.jpg 768w, https:\/\/Mehmet.Erkin.pages.hak-schwaz.at\/wp-content\/uploads\/2025\/04\/Wolf-7-1536x1020.jpg 1536w, https:\/\/Mehmet.Erkin.pages.hak-schwaz.at\/wp-content\/uploads\/2025\/04\/Wolf-7.jpg 2048w\" sizes=\"auto, (max-width: 1024px) 100vw, 1024px\" \/><figcaption class=\"wp-element-caption\">vorher<\/figcaption><\/figure>\n\n\n\n<figure class=\"wp-block-image size-large\"><img loading=\"lazy\" decoding=\"async\" width=\"1024\" height=\"680\" src=\"https:\/\/Mehmet.Erkin.pages.hak-schwaz.at\/wp-content\/uploads\/2025\/04\/Colorkey_Erkin-6.jpg-6-1024x680.jpg\" alt=\"\" class=\"wp-image-157\" srcset=\"https:\/\/Mehmet.Erkin.pages.hak-schwaz.at\/wp-content\/uploads\/2025\/04\/Colorkey_Erkin-6.jpg-6-1024x680.jpg 1024w, https:\/\/Mehmet.Erkin.pages.hak-schwaz.at\/wp-content\/uploads\/2025\/04\/Colorkey_Erkin-6.jpg-6-300x199.jpg 300w, https:\/\/Mehmet.Erkin.pages.hak-schwaz.at\/wp-content\/uploads\/2025\/04\/Colorkey_Erkin-6.jpg-6-768x510.jpg 768w, https:\/\/Mehmet.Erkin.pages.hak-schwaz.at\/wp-content\/uploads\/2025\/04\/Colorkey_Erkin-6.jpg-6-1536x1020.jpg 1536w, https:\/\/Mehmet.Erkin.pages.hak-schwaz.at\/wp-content\/uploads\/2025\/04\/Colorkey_Erkin-6.jpg-6.jpg 2048w\" sizes=\"auto, (max-width: 1024px) 100vw, 1024px\" \/><figcaption class=\"wp-element-caption\">nachher<\/figcaption><\/figure>\n<\/figure>\n<\/div>\n<\/div>\n\n\n\n<p class=\"has-x-large-font-size\">2. Semester<\/p>\n\n\n\n<p>Bei dieser Aufgabe habe ich gemeinsam mit meiner Gruppe Fotos gemacht und sie anschlie\u00dfend in Photoshop eingef\u00fcgt. Danach habe ich passende Sprechblasen hinzugef\u00fcgt und mit Text versehen. Au\u00dferdem habe ich einen passenden Hintergrund ausgew\u00e4hlt, um die Szene stimmig zu gestalten.<\/p>\n\n\n\n<figure class=\"wp-block-image size-large\"><img loading=\"lazy\" decoding=\"async\" width=\"724\" height=\"1024\" src=\"https:\/\/Mehmet.Erkin.pages.hak-schwaz.at\/wp-content\/uploads\/2025\/04\/Fotostory-Mehmet-724x1024.jpg\" alt=\"\" class=\"wp-image-160\" srcset=\"https:\/\/Mehmet.Erkin.pages.hak-schwaz.at\/wp-content\/uploads\/2025\/04\/Fotostory-Mehmet-724x1024.jpg 724w, https:\/\/Mehmet.Erkin.pages.hak-schwaz.at\/wp-content\/uploads\/2025\/04\/Fotostory-Mehmet-212x300.jpg 212w, https:\/\/Mehmet.Erkin.pages.hak-schwaz.at\/wp-content\/uploads\/2025\/04\/Fotostory-Mehmet-768x1086.jpg 768w, https:\/\/Mehmet.Erkin.pages.hak-schwaz.at\/wp-content\/uploads\/2025\/04\/Fotostory-Mehmet-1086x1536.jpg 1086w, https:\/\/Mehmet.Erkin.pages.hak-schwaz.at\/wp-content\/uploads\/2025\/04\/Fotostory-Mehmet-1448x2048.jpg 1448w, https:\/\/Mehmet.Erkin.pages.hak-schwaz.at\/wp-content\/uploads\/2025\/04\/Fotostory-Mehmet-scaled.jpg 1810w\" sizes=\"auto, (max-width: 724px) 100vw, 724px\" \/><\/figure>\n\n\n\n<p><\/p>\n","protected":false},"excerpt":{"rendered":"<p>Bei diesem Bild habe ich den Hintergrund des Wolfs dunkel gemacht, damit der Wolf st\u00e4rker hervorsticht. Daf\u00fcr habe ich den Colorkey-Effekt verwendet. 2. Semester Bei dieser Aufgabe habe ich gemeinsam mit meiner Gruppe Fotos gemacht und sie anschlie\u00dfend in Photoshop eingef\u00fcgt. Danach habe ich passende Sprechblasen hinzugef\u00fcgt und mit Text versehen. Au\u00dferdem habe ich einen [&hellip;]<\/p>\n","protected":false},"author":1,"featured_media":0,"parent":36,"menu_order":0,"comment_status":"closed","ping_status":"closed","template":"","meta":{"footnotes":""},"class_list":["post-39","page","type-page","status-publish","hentry"],"_links":{"self":[{"href":"https:\/\/Mehmet.Erkin.pages.hak-schwaz.at\/index.php?rest_route=\/wp\/v2\/pages\/39","targetHints":{"allow":["GET"]}}],"collection":[{"href":"https:\/\/Mehmet.Erkin.pages.hak-schwaz.at\/index.php?rest_route=\/wp\/v2\/pages"}],"about":[{"href":"https:\/\/Mehmet.Erkin.pages.hak-schwaz.at\/index.php?rest_route=\/wp\/v2\/types\/page"}],"author":[{"embeddable":true,"href":"https:\/\/Mehmet.Erkin.pages.hak-schwaz.at\/index.php?rest_route=\/wp\/v2\/users\/1"}],"replies":[{"embeddable":true,"href":"https:\/\/Mehmet.Erkin.pages.hak-schwaz.at\/index.php?rest_route=%2Fwp%2Fv2%2Fcomments&post=39"}],"version-history":[{"count":0,"href":"https:\/\/Mehmet.Erkin.pages.hak-schwaz.at\/index.php?rest_route=\/wp\/v2\/pages\/39\/revisions"}],"up":[{"embeddable":true,"href":"https:\/\/Mehmet.Erkin.pages.hak-schwaz.at\/index.php?rest_route=\/wp\/v2\/pages\/36"}],"wp:attachment":[{"href":"https:\/\/Mehmet.Erkin.pages.hak-schwaz.at\/index.php?rest_route=%2Fwp%2Fv2%2Fmedia&parent=39"}],"curies":[{"name":"wp","href":"https:\/\/api.w.org\/{rel}","templated":true}]}}