{"id":33,"date":"2025-03-12T12:20:17","date_gmt":"2025-03-12T12:20:17","guid":{"rendered":"https:\/\/Mehmet.Erkin.pages.hak-schwaz.at\/?page_id=33"},"modified":"2025-04-18T22:39:48","modified_gmt":"2025-04-18T22:39:48","slug":"4-klasse","status":"publish","type":"page","link":"https:\/\/Mehmet.Erkin.pages.hak-schwaz.at\/?page_id=33","title":{"rendered":"4. Klasse"},"content":{"rendered":"\n<p>Anfang der 4. Klasse haben wir uns mit neuen Technologien und K\u00fcnstlicher Intelligenz besch\u00e4ftigt. Daf\u00fcr haben wir das Apple Vision Pro von Apple angeschaut. Das Ger\u00e4t verbindet digitale Inhalte mit der echten Welt \u2013 zum Beispiel kann man Apps oder 3D-Objekte im Raum sehen. Gesteuert wird alles mit den Augen, H\u00e4nden und der Stimme, ganz ohne Controller. Die Technik dahinter ist sehr fortschrittlich: Hochaufl\u00f6sende Displays, viele Sensoren und spezielle Chips sorgen f\u00fcr ein realistisches Erlebnis.<\/p>\n\n\n\n<p>Wie in der folgenden Pr\u00e4sentation sichtbar:<\/p>\n\n\n\n<div data-wp-interactive=\"core\/file\" class=\"wp-block-file\"><object data-wp-bind--hidden=\"!state.hasPdfPreview\" hidden class=\"wp-block-file__embed\" data=\"https:\/\/Mehmet.Erkin.pages.hak-schwaz.at\/wp-content\/uploads\/2025\/04\/Apple-Vision-Pro.pdf\" type=\"application\/pdf\" style=\"width:100%;height:600px\" aria-label=\"Einbettung von Apple Vision Pro.\"><\/object><a id=\"wp-block-file--media-089ea65a-9923-4e4a-ba24-3941c98d7b04\" href=\"https:\/\/Mehmet.Erkin.pages.hak-schwaz.at\/wp-content\/uploads\/2025\/04\/Apple-Vision-Pro.pdf\">Apple Vision Pro<\/a><a href=\"https:\/\/Mehmet.Erkin.pages.hak-schwaz.at\/wp-content\/uploads\/2025\/04\/Apple-Vision-Pro.pdf\" class=\"wp-block-file__button wp-element-button\" download aria-describedby=\"wp-block-file--media-089ea65a-9923-4e4a-ba24-3941c98d7b04\">Herunterladen<\/a><\/div>\n\n\n\n<p>Im Unterricht hatten wir die Aufgabe, f\u00fcr eine imagin\u00e4re Firma einen neuen Server aufzusetzen. Dieser Prozess sollte umfassend dokumentiert werden. Hier ist eine Zusammenfassung der wichtigsten Schritte und Erkenntnisse:<\/p>\n\n\n\n<p><strong>Ziel:<\/strong><\/p>\n\n\n\n<p>Einrichtung eines virtualisierten Servers unter Windows Server 2022 mit Diensten wie Webserver, E-Mail, BMD (Business Management Data), Fileserver, Druckserver, Dom\u00e4nencontroller, Datenbankserver und Firewall. Hier folgt die Dokumentation:<\/p>\n\n\n\n<div data-wp-interactive=\"core\/file\" class=\"wp-block-file\"><object data-wp-bind--hidden=\"!state.hasPdfPreview\" hidden class=\"wp-block-file__embed\" data=\"https:\/\/Mehmet.Erkin.pages.hak-schwaz.at\/wp-content\/uploads\/2025\/04\/Dokumentation.pdf\" type=\"application\/pdf\" style=\"width:100%;height:600px\" aria-label=\"Einbettung von Dokumentation.\"><\/object><a id=\"wp-block-file--media-e6913131-852d-4b83-a764-ed762e912094\" href=\"https:\/\/Mehmet.Erkin.pages.hak-schwaz.at\/wp-content\/uploads\/2025\/04\/Dokumentation.pdf\">Dokumentation<\/a><a href=\"https:\/\/Mehmet.Erkin.pages.hak-schwaz.at\/wp-content\/uploads\/2025\/04\/Dokumentation.pdf\" class=\"wp-block-file__button wp-element-button\" download aria-describedby=\"wp-block-file--media-e6913131-852d-4b83-a764-ed762e912094\">Herunterladen<\/a><\/div>\n\n\n\n<p><\/p>\n","protected":false},"excerpt":{"rendered":"<p>Anfang der 4. Klasse haben wir uns mit neuen Technologien und K\u00fcnstlicher Intelligenz besch\u00e4ftigt. Daf\u00fcr haben wir das Apple Vision Pro von Apple angeschaut. Das Ger\u00e4t verbindet digitale Inhalte mit der echten Welt \u2013 zum Beispiel kann man Apps oder 3D-Objekte im Raum sehen. Gesteuert wird alles mit den Augen, H\u00e4nden und der Stimme, ganz [&hellip;]<\/p>\n","protected":false},"author":1,"featured_media":0,"parent":27,"menu_order":0,"comment_status":"closed","ping_status":"closed","template":"","meta":{"footnotes":""},"class_list":["post-33","page","type-page","status-publish","hentry"],"_links":{"self":[{"href":"https:\/\/Mehmet.Erkin.pages.hak-schwaz.at\/index.php?rest_route=\/wp\/v2\/pages\/33","targetHints":{"allow":["GET"]}}],"collection":[{"href":"https:\/\/Mehmet.Erkin.pages.hak-schwaz.at\/index.php?rest_route=\/wp\/v2\/pages"}],"about":[{"href":"https:\/\/Mehmet.Erkin.pages.hak-schwaz.at\/index.php?rest_route=\/wp\/v2\/types\/page"}],"author":[{"embeddable":true,"href":"https:\/\/Mehmet.Erkin.pages.hak-schwaz.at\/index.php?rest_route=\/wp\/v2\/users\/1"}],"replies":[{"embeddable":true,"href":"https:\/\/Mehmet.Erkin.pages.hak-schwaz.at\/index.php?rest_route=%2Fwp%2Fv2%2Fcomments&post=33"}],"version-history":[{"count":0,"href":"https:\/\/Mehmet.Erkin.pages.hak-schwaz.at\/index.php?rest_route=\/wp\/v2\/pages\/33\/revisions"}],"up":[{"embeddable":true,"href":"https:\/\/Mehmet.Erkin.pages.hak-schwaz.at\/index.php?rest_route=\/wp\/v2\/pages\/27"}],"wp:attachment":[{"href":"https:\/\/Mehmet.Erkin.pages.hak-schwaz.at\/index.php?rest_route=%2Fwp%2Fv2%2Fmedia&parent=33"}],"curies":[{"name":"wp","href":"https:\/\/api.w.org\/{rel}","templated":true}]}}