{"id":30,"date":"2025-03-12T12:19:57","date_gmt":"2025-03-12T12:19:57","guid":{"rendered":"https:\/\/Mehmet.Erkin.pages.hak-schwaz.at\/?page_id=30"},"modified":"2025-04-18T00:31:28","modified_gmt":"2025-04-18T00:31:28","slug":"3-klasse","status":"publish","type":"page","link":"https:\/\/Mehmet.Erkin.pages.hak-schwaz.at\/?page_id=30","title":{"rendered":"3. Klasse"},"content":{"rendered":"\n<p>Netzwerkprotokolle sind festgelegte Regeln und Standards, die den Austausch von Daten zwischen Computern in einem Netzwerk erm\u00f6glichen.\u00a0Sie sorgen daf\u00fcr, dass Ger\u00e4te sich \u201everstehen\u201c, Daten korrekt \u00fcbertragen und empfangen werden und die Kommunikation zuverl\u00e4ssig abl\u00e4uft.\u00a0Ohne Netzwerkprotokolle w\u00e4re ein reibungsloser Datenaustausch im Internet oder in lokalen Netzwerken nicht m\u00f6glich.<\/p>\n\n\n\n<p>Es gibt verschiedene Arten von Netzwerkprotokollen, die jeweils unterschiedliche Aufgaben erf\u00fcllen. Beispiele f\u00fcr bekannte Netzwerkprotokolle sind:<\/p>\n\n\n\n<ul class=\"wp-block-list\">\n<li><strong>HTTP<\/strong>: \u00dcbertr\u00e4gt Webseiten vom Server zum Browser.<\/li>\n\n\n\n<li><strong>FTP<\/strong>: Dient dem Austausch von Dateien zwischen Computern.<\/li>\n\n\n\n<li><strong>SMTP<\/strong>: Wird zum Versenden von E-Mails genutzt.<\/li>\n\n\n\n<li><strong>DNS<\/strong>: \u00dcbersetzt Domainnamen (wie\u00a0<a href=\"http:\/\/www.google.com\/\" target=\"_blank\" rel=\"noreferrer noopener\">www.google.com<\/a>) in IP-Adressen.<\/li>\n\n\n\n<li><strong>TCP\/UDP<\/strong>: Regeln den Transport von Datenpaketen im Netzwerk.<\/li>\n\n\n\n<li><strong>DHCP<\/strong>: Vergibt automatisch IP-Adressen an Ger\u00e4te im Netzwerk.<\/li>\n<\/ul>\n\n\n\n<p>Netzwerkprotokolle sind also die Grundlage daf\u00fcr, dass Kommunikation und Datenaustausch in Computernetzwerken funktionieren<\/p>\n\n\n\n<p class=\"has-medium-font-size\"><strong>Vergleich Internetprovider <\/strong><\/p>\n\n\n\n<p>Der Vergleich von Internetprovidern ist wichtig, um die beste Verbindung f\u00fcr die eigenen Bed\u00fcrfnisse zu finden. Dabei spielen Faktoren wie Geschwindigkeit, Preis, Verf\u00fcgbarkeit am Wohnort und Vertragsbedingungen eine gro\u00dfe Rolle. Durch den Vergleich lernt man, Angebote besser einzusch\u00e4tzen, versteckte Kosten zu vermeiden und den passenden Tarif f\u00fcr Streaming, Homeoffice oder Gaming zu w\u00e4hlen. Au\u00dferdem hilft es, den Kundenservice und Zusatzleistungen zu ber\u00fccksichtigen. So kann man nicht nur Geld sparen, sondern auch eine stabile und schnelle Internetverbindung sicherstellen.<\/p>\n\n\n\n<p>Magenta Gigakraft 1000&nbsp;<\/p>\n\n\n\n<p>65,04\u20ac im Monat&nbsp;<\/p>\n\n\n\n<p>1000mbit\/s download speed&nbsp;<\/p>\n\n\n\n<p>50mbit\/s upload speed&nbsp;<\/p>\n\n\n\n<p><\/p>\n\n\n\n<p><\/p>\n\n\n\n<p>Lidl Connect L Angebot&nbsp;<\/p>\n\n\n\n<p>30 GB&nbsp;<\/p>\n\n\n\n<p>1500min\/sms&nbsp;<\/p>\n\n\n\n<p>100mbit\/s&nbsp;<\/p>\n\n\n\n<p>+ 8,8GB EU Roaming&nbsp;<\/p>\n\n\n\n<p>F\u00fcr 9,50\u20ac im Monat&nbsp;<\/p>\n","protected":false},"excerpt":{"rendered":"<p>Netzwerkprotokolle sind festgelegte Regeln und Standards, die den Austausch von Daten zwischen Computern in einem Netzwerk erm\u00f6glichen.\u00a0Sie sorgen daf\u00fcr, dass Ger\u00e4te sich \u201everstehen\u201c, Daten korrekt \u00fcbertragen und empfangen werden und die Kommunikation zuverl\u00e4ssig abl\u00e4uft.\u00a0Ohne Netzwerkprotokolle w\u00e4re ein reibungsloser Datenaustausch im Internet oder in lokalen Netzwerken nicht m\u00f6glich. Es gibt verschiedene Arten von Netzwerkprotokollen, die jeweils [&hellip;]<\/p>\n","protected":false},"author":1,"featured_media":0,"parent":27,"menu_order":0,"comment_status":"closed","ping_status":"closed","template":"","meta":{"footnotes":""},"class_list":["post-30","page","type-page","status-publish","hentry"],"_links":{"self":[{"href":"https:\/\/Mehmet.Erkin.pages.hak-schwaz.at\/index.php?rest_route=\/wp\/v2\/pages\/30","targetHints":{"allow":["GET"]}}],"collection":[{"href":"https:\/\/Mehmet.Erkin.pages.hak-schwaz.at\/index.php?rest_route=\/wp\/v2\/pages"}],"about":[{"href":"https:\/\/Mehmet.Erkin.pages.hak-schwaz.at\/index.php?rest_route=\/wp\/v2\/types\/page"}],"author":[{"embeddable":true,"href":"https:\/\/Mehmet.Erkin.pages.hak-schwaz.at\/index.php?rest_route=\/wp\/v2\/users\/1"}],"replies":[{"embeddable":true,"href":"https:\/\/Mehmet.Erkin.pages.hak-schwaz.at\/index.php?rest_route=%2Fwp%2Fv2%2Fcomments&post=30"}],"version-history":[{"count":0,"href":"https:\/\/Mehmet.Erkin.pages.hak-schwaz.at\/index.php?rest_route=\/wp\/v2\/pages\/30\/revisions"}],"up":[{"embeddable":true,"href":"https:\/\/Mehmet.Erkin.pages.hak-schwaz.at\/index.php?rest_route=\/wp\/v2\/pages\/27"}],"wp:attachment":[{"href":"https:\/\/Mehmet.Erkin.pages.hak-schwaz.at\/index.php?rest_route=%2Fwp%2Fv2%2Fmedia&parent=30"}],"curies":[{"name":"wp","href":"https:\/\/api.w.org\/{rel}","templated":true}]}}