{"id":277,"date":"2025-04-17T22:56:43","date_gmt":"2025-04-17T22:56:43","guid":{"rendered":"https:\/\/Mehmet.Erkin.pages.hak-schwaz.at\/?page_id=277"},"modified":"2025-04-17T22:59:48","modified_gmt":"2025-04-17T22:59:48","slug":"imsk-2","status":"publish","type":"page","link":"https:\/\/Mehmet.Erkin.pages.hak-schwaz.at\/?page_id=277","title":{"rendered":"IMSK"},"content":{"rendered":"\n<p class=\"has-medium-font-size\"><strong>Internet, Social Media und Kommunikation<\/strong><\/p>\n\n\n\n<p>IMSK steht f\u00fcr Internet, Social Media und Kommunikation und ist ein Schulfach, das den Zweck hat, bei Sch\u00fclern digitale Kompetenzen zu f\u00f6rdern. Dieses Fach\u00a0l\u00e4uft \u00fcber zwei Schuljahre, vom zweiten bis zum dritten Jahrgang. Die Sch\u00fcler erlernen in diesem Fach Programmierungskompetenzen in HTML, CSS, PHP und weiteren Bereichen. Au\u00dferdem werden Datenbanken und die Erstellung von Websites mit WordPress und JOOMLA behandelt. In der Summe bereitet das Fach die Sch\u00fcler auf eine erfolgreiche T\u00e4tigkeit in Bereichen vor, in denen digitale Fachkompetenzen ben\u00f6tigt werden.<\/p>\n","protected":false},"excerpt":{"rendered":"<p>Internet, Social Media und Kommunikation IMSK steht f\u00fcr Internet, Social Media und Kommunikation und ist ein Schulfach, das den Zweck hat, bei Sch\u00fclern digitale Kompetenzen zu f\u00f6rdern. Dieses Fach\u00a0l\u00e4uft \u00fcber zwei Schuljahre, vom zweiten bis zum dritten Jahrgang. Die Sch\u00fcler erlernen in diesem Fach Programmierungskompetenzen in HTML, CSS, PHP und weiteren Bereichen. Au\u00dferdem werden Datenbanken [&hellip;]<\/p>\n","protected":false},"author":1,"featured_media":0,"parent":0,"menu_order":0,"comment_status":"closed","ping_status":"closed","template":"","meta":{"footnotes":""},"class_list":["post-277","page","type-page","status-publish","hentry"],"_links":{"self":[{"href":"https:\/\/Mehmet.Erkin.pages.hak-schwaz.at\/index.php?rest_route=\/wp\/v2\/pages\/277","targetHints":{"allow":["GET"]}}],"collection":[{"href":"https:\/\/Mehmet.Erkin.pages.hak-schwaz.at\/index.php?rest_route=\/wp\/v2\/pages"}],"about":[{"href":"https:\/\/Mehmet.Erkin.pages.hak-schwaz.at\/index.php?rest_route=\/wp\/v2\/types\/page"}],"author":[{"embeddable":true,"href":"https:\/\/Mehmet.Erkin.pages.hak-schwaz.at\/index.php?rest_route=\/wp\/v2\/users\/1"}],"replies":[{"embeddable":true,"href":"https:\/\/Mehmet.Erkin.pages.hak-schwaz.at\/index.php?rest_route=%2Fwp%2Fv2%2Fcomments&post=277"}],"version-history":[{"count":0,"href":"https:\/\/Mehmet.Erkin.pages.hak-schwaz.at\/index.php?rest_route=\/wp\/v2\/pages\/277\/revisions"}],"wp:attachment":[{"href":"https:\/\/Mehmet.Erkin.pages.hak-schwaz.at\/index.php?rest_route=%2Fwp%2Fv2%2Fmedia&parent=277"}],"curies":[{"name":"wp","href":"https:\/\/api.w.org\/{rel}","templated":true}]}}