{"id":24,"date":"2025-03-12T12:19:13","date_gmt":"2025-03-12T12:19:13","guid":{"rendered":"https:\/\/Mehmet.Erkin.pages.hak-schwaz.at\/?page_id=24"},"modified":"2025-04-18T22:57:22","modified_gmt":"2025-04-18T22:57:22","slug":"5-klasse","status":"publish","type":"page","link":"https:\/\/Mehmet.Erkin.pages.hak-schwaz.at\/?page_id=24","title":{"rendered":"5. Klasse"},"content":{"rendered":"\n<p class=\"has-large-font-size\">Pressemitteilung<\/p>\n\n\n\n<p><strong>Lernsituation:<\/strong><\/p>\n\n\n\n<p>In dieser Aufgabe sollten wir f\u00fcr ein Tiroler Unternehmen eine Unternehmensbeschreibung sowie eine Pressemitteilung zu einem selbst gew\u00e4hlten, realistischen Ereignis erstellen. Ziel war es, die typischen Merkmale einer professionellen Pressemitteilung zu beachten und diese in einem ansprechenden Design umzusetzen.<\/p>\n\n\n\n<p><strong>Umsetzung:<\/strong><\/p>\n\n\n\n<p>Ich habe mich f\u00fcr das Unternehmen Novartis entschieden. Die Unternehmensbeschreibung wurde auf Grundlage offizieller Informationen erstellt. F\u00fcr die Pressemitteilung habe ich die Er\u00f6ffnung eines neuen Forschungszentrums f\u00fcr Biopharmazeutika am Standort Kundl gew\u00e4hlt, da dieses Ereignis sowohl regional als auch gesellschaftlich relevant ist und Novartis damit seine Innovationskraft und sein Engagement f\u00fcr den Standort Tirol unterstreicht.<\/p>\n\n\n\n<p>Die Pressemitteilung informiert \u00fcber die Investition von 500 Millionen Euro, die Schaffung von 350 neuen Arbeitspl\u00e4tzen sowie den Fokus auf die Entwicklung neuartiger Biopharmazeutika, insbesondere Antik\u00f6rper- und Zelltherapien. F\u00fcr die Formulierung des Textes habe ich KI-gest\u00fctzte Tools genutzt, passende Prompts eingesetzt und das Design mithilfe von Vorlagen individuell angepasst.<\/p>\n\n\n\n<p><strong>Erlangte Kompetenzen:<\/strong><\/p>\n\n\n\n<ul class=\"wp-block-list\">\n<li>Verfassen einer passenden Unternehmensbeschreibung durch gezielte Recherche<\/li>\n\n\n\n<li>Sinnvoller Einsatz von KI zur Texterstellung (Prompt-Formulierung)<\/li>\n\n\n\n<li>Professionelle und ansprechende Gestaltung einer Pressemitteilung<\/li>\n<\/ul>\n\n\n\n<p>Wie in der folgenden Pressemitteilung \u00fcber Novartis sichtbar:<\/p>\n\n\n\n<div data-wp-interactive=\"core\/file\" class=\"wp-block-file\"><object data-wp-bind--hidden=\"!state.hasPdfPreview\" hidden class=\"wp-block-file__embed\" data=\"https:\/\/Mehmet.Erkin.pages.hak-schwaz.at\/wp-content\/uploads\/2025\/04\/Pressemitteilung-Novartis-1.pdf\" type=\"application\/pdf\" style=\"width:100%;height:600px\" aria-label=\"Einbettung von Pressemitteilung Novartis (1).\"><\/object><a id=\"wp-block-file--media-db8c50bf-6e8b-43f0-978e-6c6003f1a68e\" href=\"https:\/\/Mehmet.Erkin.pages.hak-schwaz.at\/wp-content\/uploads\/2025\/04\/Pressemitteilung-Novartis-1.pdf\">Pressemitteilung Novartis (1)<\/a><a href=\"https:\/\/Mehmet.Erkin.pages.hak-schwaz.at\/wp-content\/uploads\/2025\/04\/Pressemitteilung-Novartis-1.pdf\" class=\"wp-block-file__button wp-element-button\" download aria-describedby=\"wp-block-file--media-db8c50bf-6e8b-43f0-978e-6c6003f1a68e\">Herunterladen<\/a><\/div>\n","protected":false},"excerpt":{"rendered":"<p>Pressemitteilung Lernsituation: In dieser Aufgabe sollten wir f\u00fcr ein Tiroler Unternehmen eine Unternehmensbeschreibung sowie eine Pressemitteilung zu einem selbst gew\u00e4hlten, realistischen Ereignis erstellen. Ziel war es, die typischen Merkmale einer professionellen Pressemitteilung zu beachten und diese in einem ansprechenden Design umzusetzen. Umsetzung: Ich habe mich f\u00fcr das Unternehmen Novartis entschieden. Die Unternehmensbeschreibung wurde auf Grundlage [&hellip;]<\/p>\n","protected":false},"author":1,"featured_media":0,"parent":18,"menu_order":0,"comment_status":"closed","ping_status":"closed","template":"","meta":{"footnotes":""},"class_list":["post-24","page","type-page","status-publish","hentry"],"_links":{"self":[{"href":"https:\/\/Mehmet.Erkin.pages.hak-schwaz.at\/index.php?rest_route=\/wp\/v2\/pages\/24","targetHints":{"allow":["GET"]}}],"collection":[{"href":"https:\/\/Mehmet.Erkin.pages.hak-schwaz.at\/index.php?rest_route=\/wp\/v2\/pages"}],"about":[{"href":"https:\/\/Mehmet.Erkin.pages.hak-schwaz.at\/index.php?rest_route=\/wp\/v2\/types\/page"}],"author":[{"embeddable":true,"href":"https:\/\/Mehmet.Erkin.pages.hak-schwaz.at\/index.php?rest_route=\/wp\/v2\/users\/1"}],"replies":[{"embeddable":true,"href":"https:\/\/Mehmet.Erkin.pages.hak-schwaz.at\/index.php?rest_route=%2Fwp%2Fv2%2Fcomments&post=24"}],"version-history":[{"count":0,"href":"https:\/\/Mehmet.Erkin.pages.hak-schwaz.at\/index.php?rest_route=\/wp\/v2\/pages\/24\/revisions"}],"up":[{"embeddable":true,"href":"https:\/\/Mehmet.Erkin.pages.hak-schwaz.at\/index.php?rest_route=\/wp\/v2\/pages\/18"}],"wp:attachment":[{"href":"https:\/\/Mehmet.Erkin.pages.hak-schwaz.at\/index.php?rest_route=%2Fwp%2Fv2%2Fmedia&parent=24"}],"curies":[{"name":"wp","href":"https:\/\/api.w.org\/{rel}","templated":true}]}}